{"id":7366,"date":"2015-11-18T08:37:53","date_gmt":"2015-11-18T08:37:53","guid":{"rendered":"http:\/\/interior-design.cmsmasters.net\/?page_id=7366"},"modified":"2026-05-06T23:51:18","modified_gmt":"2026-05-06T23:51:18","slug":"home-store","status":"publish","type":"page","link":"https:\/\/sabordelaindia.es\/","title":{"rendered":"Home"},"content":{"rendered":"<div class=\"wpb-content-wrapper\"><p>[vc_row][vc_column][rev_slider_vc alias=&#8221;ACB&#8221;][\/vc_column][\/vc_row][vc_section][vc_row content_placement=&#8221;middle&#8221;][vc_column width=&#8221;1\/2&#8243;][vc_single_image image=&#8221;14202&#8243; img_size=&#8221;full&#8221; style=&#8221;vc_box_shadow&#8221; css_animation=&#8221;fadeInRightBig&#8221;][\/vc_column][vc_column width=&#8221;1\/2&#8243;][vc_column_text css_animation=&#8221;bounceInDown&#8221; css=&#8221;.vc_custom_1632830884041{background-position: center !important;background-repeat: no-repeat !important;background-size: cover !important;}&#8221;]<\/p>\n<h2 style=\"text-align: center;\"><span style=\"color: #ffff00;\">SABOR DE LA INDIA<\/span><\/h2>\n<p>[\/vc_column_text][vc_column_text]En el norte de tenerife, disfruta de la deliciosa comida de la india, y sus ex\u00f3ticos sabores, que deleitar\u00e1n tu paladar. Un restaurante diferente a los habitual, ambientado en una finca r\u00fastica canaria pero con la comida del subcontinente indio. Sabores diferentes que querr\u00e1s probar y repetir.[\/vc_column_text][vc_btn title=&#8221;PEDIDO ONLINE&#8221; color=&#8221;orange&#8221; align=&#8221;center&#8221; css_animation=&#8221;lightSpeedIn&#8221; link=&#8221;url:http%3A%2F%2Fsabordelaindia.es%2Findex.php%2Fshop%2F|title:Shop&#8221;][\/vc_column][\/vc_row][\/vc_section][vc_row content_placement=&#8221;middle&#8221; parallax=&#8221;content-moving&#8221;][vc_column width=&#8221;1\/2&#8243;][vc_column_text css_animation=&#8221;bounceInDown&#8221; css=&#8221;.vc_custom_1632658436504{background-position: center !important;background-repeat: no-repeat !important;background-size: cover !important;}&#8221;]<\/p>\n<h2 style=\"text-align: center;\"><span style=\"color: #ffff00;\">Cocina India<\/span><\/h2>\n<p>[\/vc_column_text][vc_column_text]<\/p>\n<p style=\"text-align: center;\">Al m\u00e1s estilio del antiguo subcontinente indio, sabores con diferentes tipos de platos, elaborados con arroces arom\u00e1ticos, carnes, pescado, pan casero indio de diferentes variedades, queso fresco indio ( Paneer) y la soja como alternativa a los veganos y vegetarianos.<\/p>\n<p>[\/vc_column_text][vc_btn title=&#8221;MENU&#8221; color=&#8221;orange&#8221; align=&#8221;center&#8221; css_animation=&#8221;lightSpeedIn&#8221; link=&#8221;url:http%3A%2F%2Fsabordelaindia.es%2Findex.php%2Fmenu%2F|title:Shop&#8221;][\/vc_column][vc_column width=&#8221;1\/2&#8243;][vc_images_carousel images=&#8221;14182,14179,14187,14184,14185,14183&#8243; img_size=&#8221;full&#8221; slides_per_view=&#8221;2&#8243; autoplay=&#8221;yes&#8221; hide_pagination_control=&#8221;yes&#8221; partial_view=&#8221;yes&#8221; wrap=&#8221;yes&#8221; css_animation=&#8221;right-to-left&#8221;][\/vc_column][\/vc_row][vc_row content_placement=&#8221;middle&#8221; parallax=&#8221;content-moving&#8221;][vc_column width=&#8221;1\/2&#8243;][vc_single_image image=&#8221;16938&#8243; img_size=&#8221;large&#8221; alignment=&#8221;center&#8221; style=&#8221;vc_box_border_circle&#8221; border_color=&#8221;black&#8221; onclick=&#8221;zoom&#8221;][\/vc_column][vc_column width=&#8221;1\/2&#8243;][vc_column_text css_animation=&#8221;bounceInDown&#8221; css=&#8221;.vc_custom_1632659133043{background-position: center !important;background-repeat: no-repeat !important;background-size: cover !important;}&#8221;]<\/p>\n<h2 style=\"text-align: center;\"><span style=\"color: #ffff00;\">Finca para celebraciones y eventos<\/span><\/h2>\n<p>[\/vc_column_text][vc_column_text]<\/p>\n<p style=\"text-align: center;\">Disfrute de la gastronom\u00eda India para sus celebraciones. Realizamos eventos, bautizos, cumplea\u00f1os, aniversarios. Disponemos de un sal\u00f3n amplio numeros comensales. Una terraza amplia, una subterraza para reuniones privadas, Parking privado c\u00f3modo y adjunto a nuestro restaurante.<br \/>\nP\u00f3ngase en contacto con nosotros y le ayudaremos y asesoraremos en lo que necesite.[\/vc_column_text][vc_btn title=&#8221;RESERVAR MESA&#8221; color=&#8221;orange&#8221; align=&#8221;center&#8221; css_animation=&#8221;lightSpeedIn&#8221; link=&#8221;url:http%3A%2F%2Fsabordelaindia.es%2Findex.php%2Freservas%2F|title:Reservas&#8221;][\/vc_column][\/vc_row][vc_row content_placement=&#8221;middle&#8221; parallax=&#8221;content-moving&#8221;][vc_column width=&#8221;1\/2&#8243;][vc_column_text css_animation=&#8221;bounceInDown&#8221; css=&#8221;.vc_custom_1632676165322{background-position: center !important;background-repeat: no-repeat !important;background-size: cover !important;}&#8221;]<\/p>\n<h2 style=\"text-align: center;\"><span style=\"color: #ffff00;\">Especias y los mejores ingredientes<\/span><\/h2>\n<p>[\/vc_column_text][vc_column_text]<\/p>\n<p style=\"text-align: center;\">Platos de la cocina del subcontinente indio que combinan el uso de una gran variedad de especias, verduras y hierbas como jengibre, ajo, chiles verdes, c\u00farcuma, semillas de mostaza, comino, cilantro, etc. Cada plato tiene una combinaci\u00f3n de ingredientes que lo hace \u00fanico.<\/p>\n<p>[\/vc_column_text][vc_btn title=&#8221;MENU&#8221; color=&#8221;orange&#8221; align=&#8221;center&#8221; css_animation=&#8221;lightSpeedIn&#8221; link=&#8221;url:http%3A%2F%2Fsabordelaindia.es%2Findex.php%2Fmenu%2F|title:Shop&#8221;][\/vc_column][vc_column width=&#8221;1\/2&#8243;][vc_single_image image=&#8221;14203&#8243; img_size=&#8221;large&#8221; alignment=&#8221;center&#8221; style=&#8221;vc_box_rounded&#8221; css_animation=&#8221;fadeInDown&#8221;][\/vc_column][\/vc_row][vc_row content_placement=&#8221;top&#8221; css=&#8221;.vc_custom_1632661520319{background-color: #303030 !important;}&#8221;][vc_column width=&#8221;1\/3&#8243;][vc_column_text]<\/p>\n<h5 style=\"text-align: center;\"><strong><span style=\"color: #ffff00;\">LL\u00c1MANOS<\/span><\/strong><\/h5>\n<p>[\/vc_column_text][vc_column_text]<\/p>\n<p style=\"text-align: center;\"><span style=\"color: #ffffff;\"><a style=\"color: #ffffff;\" href=\"http:\/\/TEL:+34 922 06 67 52\">+34 922 06 67 52<\/a><\/span><\/p>\n<p style=\"text-align: center;\"><span style=\"color: #ffffff;\"><a style=\"color: #ffffff;\" href=\"http:\/\/TEL:+34 600 87 63 90\">+34 600 87 63 90<\/a><\/span><\/p>\n<p>[\/vc_column_text][\/vc_column][vc_column width=&#8221;1\/3&#8243;][vc_column_text]<\/p>\n<h5 style=\"text-align: center;\"><strong><span style=\"color: #ffff00;\">EMAIL<\/span><\/strong><\/h5>\n<p>[\/vc_column_text][vc_column_text]<\/p>\n<p style=\"text-align: center;\"><a href=\"mailto:sabordelaindiatf@gmail.com\"><span style=\"color: #ffffff;\">sabordelaindiatf@gmail.com<\/span><\/a><\/p>\n<p>[\/vc_column_text][\/vc_column][vc_column width=&#8221;1\/3&#8243;][vc_column_text]<\/p>\n<h5 style=\"text-align: center;\"><strong><span style=\"color: #ffff00;\">WHATSAPP<\/span><\/strong><\/h5>\n<p>[\/vc_column_text][vc_column_text]<\/p>\n<p style=\"text-align: center;\"><span style=\"color: #ffffff;\"><a style=\"color: #ffffff;\" href=\"https:\/\/wa.me\/34600876390\">+34 600 87 63 90<\/a><\/span><\/p>\n<p>[\/vc_column_text][\/vc_column][\/vc_row][vc_row content_placement=&#8221;middle&#8221; css_animation=&#8221;fadeInUp&#8221;][vc_column width=&#8221;1\/2&#8243;]\n<div class=\"wpcf7 no-js\" id=\"wpcf7-f13971-o1\" lang=\"en-US\" dir=\"ltr\" data-wpcf7-id=\"13971\">\n<div class=\"screen-reader-response\"><p role=\"status\" aria-live=\"polite\" aria-atomic=\"true\"><\/p> <ul><\/ul><\/div>\n<form action=\"\/index.php\/wp-json\/wp\/v2\/pages\/7366#wpcf7-f13971-o1\" method=\"post\" class=\"wpcf7-form init\" aria-label=\"Contact form\" novalidate=\"novalidate\" data-status=\"init\">\n<fieldset class=\"hidden-fields-container\"><input type=\"hidden\" name=\"_wpcf7\" value=\"13971\" \/><input type=\"hidden\" name=\"_wpcf7_version\" value=\"6.1.5\" \/><input type=\"hidden\" name=\"_wpcf7_locale\" value=\"en_US\" \/><input type=\"hidden\" name=\"_wpcf7_unit_tag\" value=\"wpcf7-f13971-o1\" \/><input type=\"hidden\" name=\"_wpcf7_container_post\" value=\"0\" \/><input type=\"hidden\" name=\"_wpcf7_posted_data_hash\" value=\"\" \/>\n<\/fieldset>\n<p><label> Nombre - Name (required)<br \/>\n<span class=\"wpcf7-form-control-wrap\" data-name=\"your-name\"><input size=\"40\" maxlength=\"400\" class=\"wpcf7-form-control wpcf7-text wpcf7-validates-as-required\" aria-required=\"true\" aria-invalid=\"false\" value=\"\" type=\"text\" name=\"your-name\" \/><\/span> <\/label>\n<\/p>\n<p><label> Email (required)<br \/>\n<span class=\"wpcf7-form-control-wrap\" data-name=\"your-email\"><input size=\"40\" maxlength=\"400\" class=\"wpcf7-form-control wpcf7-email wpcf7-validates-as-required wpcf7-text wpcf7-validates-as-email\" aria-required=\"true\" aria-invalid=\"false\" value=\"\" type=\"email\" name=\"your-email\" \/><\/span> <\/label>\n<\/p>\n<p><label> Asunto - Subject<br \/>\n<span class=\"wpcf7-form-control-wrap\" data-name=\"your-subject\"><input size=\"40\" maxlength=\"400\" class=\"wpcf7-form-control wpcf7-text\" aria-invalid=\"false\" value=\"\" type=\"text\" name=\"your-subject\" \/><\/span> <\/label>\n<\/p>\n<p><label> Your Message<br \/>\n<span class=\"wpcf7-form-control-wrap\" data-name=\"your-message\"><textarea cols=\"40\" rows=\"10\" maxlength=\"2000\" class=\"wpcf7-form-control wpcf7-textarea\" aria-invalid=\"false\" name=\"your-message\"><\/textarea><\/span> <\/label>\n<\/p>\n<p><input class=\"wpcf7-form-control wpcf7-submit has-spinner\" type=\"submit\" value=\"Send\" \/>\n<\/p><div class=\"wpcf7-response-output\" aria-hidden=\"true\"><\/div>\n<\/form>\n<\/div>\n[\/vc_column][vc_column width=&#8221;1\/2&#8243;][vc_column_text]<\/p>\n<h2 style=\"text-align: center;\"><span style=\"color: #ffff00;\">Cont\u00e1ctanos!\u00a0 Encu\u00e9ntranos!<\/span><\/h2>\n<p>[\/vc_column_text][vc_gmaps link=&#8221;#E-8_JTNDaWZyYW1lJTIwc3JjJTNEJTIyaHR0cHMlM0ElMkYlMkZ3d3cuZ29vZ2xlLmNvbSUyRm1hcHMlMkZlbWJlZCUzRnBiJTNEJTIxMW0xOCUyMTFtMTIlMjExbTMlMjExZDQyNC4wOTg5OTExMTAzMDkxNiUyMTJkLTE2LjQwMDQ5NzUyMTIyMTU3JTIxM2QyOC40ODEwMzgxNTEzNDU2OTMlMjEybTMlMjExZjAlMjEyZjAlMjEzZjAlMjEzbTIlMjExaTEwMjQlMjEyaTc2OCUyMTRmMTMuMSUyMTNtMyUyMTFtMiUyMTFzMHhjNDFkM2M5NTAzYzFjODMlMjUzQTB4N2RmNTc0ZTlmMmU4NGM0ZiUyMTJzU2Fib3IlMjUyMGRlJTI1MjBsYSUyNTIwSW5kaWElMjE1ZTElMjEzbTIlMjExc2VzJTIxMnNlcyUyMTR2MTc0Nzg1ODE3MDkxOSUyMTVtMiUyMTFzZXMlMjEyc2VzJTIyJTIwd2lkdGglM0QlMjI2MDAlMjIlMjBoZWlnaHQlM0QlMjI0NTAlMjIlMjBzdHlsZSUzRCUyMmJvcmRlciUzQTAlM0IlMjIlMjBhbGxvd2Z1bGxzY3JlZW4lM0QlMjIlMjIlMjBsb2FkaW5nJTNEJTIybGF6eSUyMiUyMHJlZmVycmVycG9saWN5JTNEJTIybm8tcmVmZXJyZXItd2hlbi1kb3duZ3JhZGUlMjIlM0UlM0MlMkZpZnJhbWUlM0U=&#8221; css_animation=&#8221;fadeInDown&#8221;][\/vc_column][\/vc_row]<\/p>\n<\/div>","protected":false},"excerpt":{"rendered":"<p>[vc_row][vc_column][rev_slider_vc alias=&#8221;ACB&#8221;][\/vc_column][\/vc_row][vc_section][vc_row content_placement=&#8221;middle&#8221;][vc_column width=&#8221;1\/2&#8243;][vc_single_image image=&#8221;14202&#8243; img_size=&#8221;full&#8221; style=&#8221;vc_box_shadow&#8221; css_animation=&#8221;fadeInRightBig&#8221;][\/vc_column][vc_column width=&#8221;1\/2&#8243;][vc_column_text css_animation=&#8221;bounceInDown&#8221; css=&#8221;.vc_custom_1632830884041{background-position: center !important;background-repeat: no-repeat !important;background-size: cover !important;}&#8221;] SABOR DE LA INDIA [\/vc_column_text][vc_column_text]En el norte de tenerife, disfruta de la deliciosa comida de la india, y sus ex\u00f3ticos sabores, que deleitar\u00e1n tu paladar. Un restaurante diferente a los habitual, ambientado en una finca r\u00fastica canaria pero&#8230;<\/p>\n","protected":false},"author":1,"featured_media":0,"parent":0,"menu_order":0,"comment_status":"closed","ping_status":"closed","template":"","meta":{"footnotes":""},"class_list":["post-7366","page","type-page","status-publish","hentry"],"aioseo_notices":[],"jetpack_sharing_enabled":true,"_links":{"self":[{"href":"https:\/\/sabordelaindia.es\/index.php\/wp-json\/wp\/v2\/pages\/7366","targetHints":{"allow":["GET"]}}],"collection":[{"href":"https:\/\/sabordelaindia.es\/index.php\/wp-json\/wp\/v2\/pages"}],"about":[{"href":"https:\/\/sabordelaindia.es\/index.php\/wp-json\/wp\/v2\/types\/page"}],"author":[{"embeddable":true,"href":"https:\/\/sabordelaindia.es\/index.php\/wp-json\/wp\/v2\/users\/1"}],"replies":[{"embeddable":true,"href":"https:\/\/sabordelaindia.es\/index.php\/wp-json\/wp\/v2\/comments?post=7366"}],"version-history":[{"count":13,"href":"https:\/\/sabordelaindia.es\/index.php\/wp-json\/wp\/v2\/pages\/7366\/revisions"}],"predecessor-version":[{"id":17341,"href":"https:\/\/sabordelaindia.es\/index.php\/wp-json\/wp\/v2\/pages\/7366\/revisions\/17341"}],"wp:attachment":[{"href":"https:\/\/sabordelaindia.es\/index.php\/wp-json\/wp\/v2\/media?parent=7366"}],"curies":[{"name":"wp","href":"https:\/\/api.w.org\/{rel}","templated":true}]}}