{"id":529,"date":"2015-04-20T11:50:56","date_gmt":"2015-04-20T11:50:56","guid":{"rendered":"http:\/\/welfare.cmsmasters.net\/?page_id=529"},"modified":"2025-05-21T20:12:53","modified_gmt":"2025-05-21T20:12:53","slug":"about-us","status":"publish","type":"page","link":"https:\/\/sabordelaindia.es\/index.php\/about-us\/","title":{"rendered":"Sobre nosotros"},"content":{"rendered":"<div class=\"wpb-content-wrapper\"><p>[vc_row content_placement=&#8221;middle&#8221; parallax=&#8221;content-moving&#8221;][vc_column width=&#8221;1\/2&#8243;][vc_single_image image=&#8221;14185&#8243; img_size=&#8221;large&#8221; alignment=&#8221;center&#8221; style=&#8221;vc_box_shadow_3d&#8221; css_animation=&#8221;fadeInLeft&#8221;][\/vc_column][vc_column width=&#8221;1\/2&#8243;][vc_column_text css_animation=&#8221;bounceInDown&#8221; css=&#8221;.vc_custom_1632676538114{background-position: center !important;background-repeat: no-repeat !important;background-size: cover !important;}&#8221;]<\/p>\n<h2 style=\"text-align: center;\"><span style=\"color: #ffff00;\">\u00bfQuienes somos?<\/span><\/h2>\n<p>[\/vc_column_text][vc_column_text css_animation=&#8221;fadeIn&#8221;]<\/p>\n<p style=\"text-align: center;\">Somos un grupo de personas originarias de la India, y nuestra pasi\u00f3n es elaborar platos de nuestra cocina tradicional y brindarlos a nuestros clientes.<br \/>\nTenemos gran experiencia en este campo ya que llevamos varios a\u00f1os trabajando en el sector de la restauraci\u00f3n y hosteler\u00eda.<br \/>\nHemos elaborado este restaurante con gran mimo y cuidado y que hemos abierto el 8 de julio de 2021.[\/vc_column_text][\/vc_column][\/vc_row][vc_row content_placement=&#8221;middle&#8221; parallax=&#8221;content-moving&#8221;][vc_column width=&#8221;1\/2&#8243;][vc_column_text css_animation=&#8221;bounceInDown&#8221; css=&#8221;.vc_custom_1632659133043{background-position: center !important;background-repeat: no-repeat !important;background-size: cover !important;}&#8221;]<\/p>\n<h2 style=\"text-align: center;\"><span style=\"color: #ffff00;\">Finca para celebraciones y eventos<\/span><\/h2>\n<p>[\/vc_column_text][vc_column_text css_animation=&#8221;fadeIn&#8221;]<\/p>\n<p style=\"text-align: center;\">Disfrute de la gastronom\u00eda India para sus celebraciones. Realizamos eventos, bautizos, cumplea\u00f1os, aniversarios. Disponemos de un sal\u00f3n amplio numeros comensales. Una terraza amplia, una subterraza para reuniones privadas, Parking privado c\u00f3modo y adjunto a nuestro restaurante.<br \/>\nP\u00f3ngase en contacto con nosotros y le ayudaremos y asesoraremos en lo que necesite.[\/vc_column_text][\/vc_column][vc_column width=&#8221;1\/2&#8243;][vc_single_image image=&#8221;16938&#8243; img_size=&#8221;large&#8221; alignment=&#8221;center&#8221; style=&#8221;vc_box_border_circle&#8221; border_color=&#8221;black&#8221; onclick=&#8221;zoom&#8221;][\/vc_column][\/vc_row][vc_row content_placement=&#8221;middle&#8221; parallax=&#8221;content-moving&#8221;][vc_column width=&#8221;1\/2&#8243;][vc_single_image image=&#8221;14251&#8243; img_size=&#8221;large&#8221;][\/vc_column][vc_column width=&#8221;1\/2&#8243;][vc_column_text css_animation=&#8221;bounceInDown&#8221; css=&#8221;.vc_custom_1632776603360{background-position: center !important;background-repeat: no-repeat !important;background-size: cover !important;}&#8221;]<\/p>\n<h2 style=\"text-align: center;\"><span style=\"color: #ffff00;\">Nuestro equipo<\/span><\/h2>\n<p>[\/vc_column_text][vc_column_text css_animation=&#8221;fadeIn&#8221;]<\/p>\n<p style=\"text-align: center;\">Grupo multidisciplinar que har\u00e1n que disfrute de un rato agradale y una buena comida.<br \/>\nSiempre estamos a la busca de nuevos talentos, si es as\u00ed y est\u00e1s buscando un puesto de trabajo y tienes experiencia en el sector,<br \/>\nenv\u00edanos tu CV a <span style=\"color: #ff0000;\"><a style=\"color: #ff0000;\" href=\"mailto:sabordelaindiatf@gmail.com\">sabordelaindiatf@gmail.com<\/a><\/span>[\/vc_column_text][\/vc_column][\/vc_row][vc_row content_placement=&#8221;middle&#8221; parallax=&#8221;content-moving&#8221;][vc_column][vc_column_text css_animation=&#8221;fadeInDown&#8221; css=&#8221;.vc_custom_1632781550837{background-position: center !important;background-repeat: no-repeat !important;background-size: cover !important;}&#8221;]<\/p>\n<h2 style=\"text-align: center;\"><span style=\"color: #ffff00;\">Nuestros Socios Fundadores<\/span><\/h2>\n<p>[\/vc_column_text][vc_column_text css_animation=&#8221;fadeIn&#8221;]<\/p>\n<p style=\"text-align: center;\">Las personas que han hecho posible este proyecto y que actualmente dirigen nuestro restaurante.<\/p>\n<p>[\/vc_column_text][\/vc_column][\/vc_row][vc_row][vc_column width=&#8221;1\/3&#8243;][vc_single_image image=&#8221;14270&#8243; img_size=&#8221;large&#8221; alignment=&#8221;center&#8221; style=&#8221;vc_box_rounded&#8221; css_animation=&#8221;fadeInLeft&#8221;][vc_column_text css_animation=&#8221;rotateInUpLeft&#8221;]<\/p>\n<h4 style=\"text-align: center;\"><span style=\"color: #ffff00;\">Chef Jasvir Singh<\/span><\/h4>\n<p>[\/vc_column_text][\/vc_column][vc_column width=&#8221;1\/3&#8243;][vc_single_image image=&#8221;14271&#8243; img_size=&#8221;large&#8221; alignment=&#8221;center&#8221; style=&#8221;vc_box_rounded&#8221; css_animation=&#8221;fadeInDown&#8221;][vc_column_text css_animation=&#8221;rotateInUpLeft&#8221;]<\/p>\n<h4 style=\"text-align: center;\"><span style=\"color: #ffff00;\">Gerente Amritpal Singh<\/span><\/h4>\n<p>[\/vc_column_text][\/vc_column][vc_column width=&#8221;1\/3&#8243;][vc_single_image image=&#8221;14269&#8243; img_size=&#8221;large&#8221; alignment=&#8221;center&#8221; style=&#8221;vc_box_rounded&#8221; css_animation=&#8221;fadeInRight&#8221;][vc_column_text css_animation=&#8221;rotateInUpLeft&#8221;]<\/p>\n<h4 style=\"text-align: center;\"><span style=\"color: #ffff00;\">Chef Gurdev Kumar<\/span><\/h4>\n<p>[\/vc_column_text][\/vc_column][\/vc_row]<\/p>\n<\/div>","protected":false},"excerpt":{"rendered":"<p>[vc_row content_placement=&#8221;middle&#8221; parallax=&#8221;content-moving&#8221;][vc_column width=&#8221;1\/2&#8243;][vc_single_image image=&#8221;14185&#8243; img_size=&#8221;large&#8221; alignment=&#8221;center&#8221; style=&#8221;vc_box_shadow_3d&#8221; css_animation=&#8221;fadeInLeft&#8221;][\/vc_column][vc_column width=&#8221;1\/2&#8243;][vc_column_text css_animation=&#8221;bounceInDown&#8221; css=&#8221;.vc_custom_1632676538114{background-position: center !important;background-repeat: no-repeat !important;background-size: cover !important;}&#8221;] \u00bfQuienes somos? [\/vc_column_text][vc_column_text css_animation=&#8221;fadeIn&#8221;] Somos un grupo de personas originarias de la India, y nuestra pasi\u00f3n es elaborar platos de nuestra cocina tradicional y brindarlos a nuestros clientes. Tenemos gran experiencia en este campo ya que llevamos&#8230;<\/p>\n","protected":false},"author":1,"featured_media":14203,"parent":0,"menu_order":0,"comment_status":"closed","ping_status":"closed","template":"","meta":{"footnotes":""},"class_list":["post-529","page","type-page","status-publish","has-post-thumbnail","hentry"],"aioseo_notices":[],"jetpack_sharing_enabled":true,"_links":{"self":[{"href":"https:\/\/sabordelaindia.es\/index.php\/wp-json\/wp\/v2\/pages\/529","targetHints":{"allow":["GET"]}}],"collection":[{"href":"https:\/\/sabordelaindia.es\/index.php\/wp-json\/wp\/v2\/pages"}],"about":[{"href":"https:\/\/sabordelaindia.es\/index.php\/wp-json\/wp\/v2\/types\/page"}],"author":[{"embeddable":true,"href":"https:\/\/sabordelaindia.es\/index.php\/wp-json\/wp\/v2\/users\/1"}],"replies":[{"embeddable":true,"href":"https:\/\/sabordelaindia.es\/index.php\/wp-json\/wp\/v2\/comments?post=529"}],"version-history":[{"count":7,"href":"https:\/\/sabordelaindia.es\/index.php\/wp-json\/wp\/v2\/pages\/529\/revisions"}],"predecessor-version":[{"id":16939,"href":"https:\/\/sabordelaindia.es\/index.php\/wp-json\/wp\/v2\/pages\/529\/revisions\/16939"}],"wp:featuredmedia":[{"embeddable":true,"href":"https:\/\/sabordelaindia.es\/index.php\/wp-json\/wp\/v2\/media\/14203"}],"wp:attachment":[{"href":"https:\/\/sabordelaindia.es\/index.php\/wp-json\/wp\/v2\/media?parent=529"}],"curies":[{"name":"wp","href":"https:\/\/api.w.org\/{rel}","templated":true}]}}